{"id":3251,"date":"2024-12-05T18:15:10","date_gmt":"2024-12-05T17:15:10","guid":{"rendered":"https:\/\/groppalli.it\/ihbar-raporlari\/"},"modified":"2024-12-05T18:15:11","modified_gmt":"2024-12-05T17:15:11","slug":"ihbar-raporlari","status":"publish","type":"page","link":"https:\/\/groppalli.it\/tr\/ihbar-raporlari\/","title":{"rendered":"\u0130HBAR RAPORLARI"},"content":{"rendered":"\n<p><\/p>\n\n<h2 class=\"wp-block-heading\"><br\/><strong>\u0130HBAR RAPORLARI<\/strong><\/h2>\n\n<h5 class=\"wp-block-heading\">Bu sayfada, \u0130hbar Kararnamesi (1937\/2019 say\u0131l\u0131 AB Direktifini uygulayan 24\/2023 say\u0131l\u0131 Kanun H\u00fckm\u00fcnde Kararname) uyar\u0131nca ihbarda bulunmak i\u00e7in ihtiyac\u0131n\u0131z olan t\u00fcm bilgileri bulabilirsiniz.<\/h5>\n\n<div style=\"height:58px\" aria-hidden=\"true\" class=\"wp-block-spacer\"><\/div>\n\n<h4 class=\"wp-block-heading\">Raporlama yapmadan \u00f6nce okunmas\u0131 gerekmektedir:<\/h4>\n\n<ul class=\"wp-block-list\">\n<li><a href=\"https:\/\/groppalli.it\/sito\/wp-content\/uploads\/2024\/12\/WSB-2A-Note-legali-e-informativa-privacy-segnalazioni.pdf\" target=\"_blank\" rel=\"noreferrer noopener\"><strong>YASAL NOTLAR VE GI\u0307ZLI\u0307LI\u0307K POLI\u0307TI\u0307KASI<\/strong><\/a><\/li>\n\n\n\n<li><strong><a href=\"https:\/\/groppalli.it\/sito\/wp-content\/uploads\/2024\/12\/WSB-2B-Guida-operativa-segnalazioni.pdf\" target=\"_blank\" rel=\"noreferrer noopener\">I\u0307HBAR I\u0307\u00c7I\u0307N OPERASYONEL REHBER<\/a><\/strong><\/li>\n<\/ul>\n\n<div class=\"wp-block-buttons is-layout-flex wp-block-buttons-is-layout-flex\">\n<div class=\"wp-block-button\"><a class=\"wp-block-button__link has-background wp-element-button\" href=\"https:\/\/groppalli.trusty.report\/\" style=\"background-color:#00264d\" target=\"_blank\" rel=\"noopener\"><strong>\u0130HBAR PLATFORMUNA ER\u0130\u015eMEK \u0130\u00c7\u0130N BURAYA TIKLAYINIZ<\/strong><\/a><\/div>\n<\/div>\n\n<div style=\"height:146px\" aria-hidden=\"true\" class=\"wp-block-spacer\"><\/div>\n\n<p><\/p>\n","protected":false},"excerpt":{"rendered":"<p>\u0130HBAR RAPORLARI Bu sayfada, \u0130hbar Kararnamesi (1937\/2019 say\u0131l\u0131 AB Direktifini uygulayan 24\/2023 say\u0131l\u0131 Kanun H\u00fckm\u00fcnde Kararname) uyar\u0131nca ihbarda bulunmak i\u00e7in ihtiyac\u0131n\u0131z olan t\u00fcm bilgileri bulabilirsiniz. Raporlama yapmadan \u00f6nce okunmas\u0131 gerekmektedir:<\/p>\n","protected":false},"author":1,"featured_media":0,"parent":0,"menu_order":0,"comment_status":"closed","ping_status":"closed","template":"","meta":{"footnotes":""},"class_list":["post-3251","page","type-page","status-publish","hentry"],"_links":{"self":[{"href":"https:\/\/groppalli.it\/tr\/wp-json\/wp\/v2\/pages\/3251","targetHints":{"allow":["GET"]}}],"collection":[{"href":"https:\/\/groppalli.it\/tr\/wp-json\/wp\/v2\/pages"}],"about":[{"href":"https:\/\/groppalli.it\/tr\/wp-json\/wp\/v2\/types\/page"}],"author":[{"embeddable":true,"href":"https:\/\/groppalli.it\/tr\/wp-json\/wp\/v2\/users\/1"}],"replies":[{"embeddable":true,"href":"https:\/\/groppalli.it\/tr\/wp-json\/wp\/v2\/comments?post=3251"}],"version-history":[{"count":1,"href":"https:\/\/groppalli.it\/tr\/wp-json\/wp\/v2\/pages\/3251\/revisions"}],"predecessor-version":[{"id":3252,"href":"https:\/\/groppalli.it\/tr\/wp-json\/wp\/v2\/pages\/3251\/revisions\/3252"}],"wp:attachment":[{"href":"https:\/\/groppalli.it\/tr\/wp-json\/wp\/v2\/media?parent=3251"}],"curies":[{"name":"wp","href":"https:\/\/api.w.org\/{rel}","templated":true}]}}