{"id":3221,"date":"2024-09-18T17:39:37","date_gmt":"2024-09-18T15:39:37","guid":{"rendered":"https:\/\/groppalli.it\/sostenibilita\/"},"modified":"2024-10-02T11:21:40","modified_gmt":"2024-10-02T09:21:40","slug":"surdurulebilirlik","status":"publish","type":"page","link":"https:\/\/groppalli.it\/tr\/surdurulebilirlik\/","title":{"rendered":"S\u00fcrd\u00fcr\u00fclebilirlik"},"content":{"rendered":"","protected":false},"excerpt":{"rendered":"","protected":false},"author":1,"featured_media":0,"parent":0,"menu_order":0,"comment_status":"closed","ping_status":"closed","template":"","meta":{"footnotes":""},"class_list":["post-3221","page","type-page","status-publish","hentry"],"_links":{"self":[{"href":"https:\/\/groppalli.it\/tr\/wp-json\/wp\/v2\/pages\/3221","targetHints":{"allow":["GET"]}}],"collection":[{"href":"https:\/\/groppalli.it\/tr\/wp-json\/wp\/v2\/pages"}],"about":[{"href":"https:\/\/groppalli.it\/tr\/wp-json\/wp\/v2\/types\/page"}],"author":[{"embeddable":true,"href":"https:\/\/groppalli.it\/tr\/wp-json\/wp\/v2\/users\/1"}],"replies":[{"embeddable":true,"href":"https:\/\/groppalli.it\/tr\/wp-json\/wp\/v2\/comments?post=3221"}],"version-history":[{"count":1,"href":"https:\/\/groppalli.it\/tr\/wp-json\/wp\/v2\/pages\/3221\/revisions"}],"predecessor-version":[{"id":3225,"href":"https:\/\/groppalli.it\/tr\/wp-json\/wp\/v2\/pages\/3221\/revisions\/3225"}],"wp:attachment":[{"href":"https:\/\/groppalli.it\/tr\/wp-json\/wp\/v2\/media?parent=3221"}],"curies":[{"name":"wp","href":"https:\/\/api.w.org\/{rel}","templated":true}]}}