{"id":2826,"date":"2023-05-03T17:05:16","date_gmt":"2023-05-03T15:05:16","guid":{"rendered":"https:\/\/groppalli.it\/?page_id=2826"},"modified":"2025-05-08T18:13:24","modified_gmt":"2025-05-08T16:13:24","slug":"home-aluminyum-ekstruzyon-2","status":"publish","type":"page","link":"https:\/\/groppalli.it\/tr\/home-aluminyum-ekstruzyon-2\/","title":{"rendered":"AL\u00dcM\u0130NYUM EKSTR\u00dcZYON"},"content":{"rendered":"","protected":false},"excerpt":{"rendered":"","protected":false},"author":1,"featured_media":0,"parent":0,"menu_order":0,"comment_status":"closed","ping_status":"closed","template":"","meta":{"footnotes":""},"class_list":["post-2826","page","type-page","status-publish","hentry"],"_links":{"self":[{"href":"https:\/\/groppalli.it\/tr\/wp-json\/wp\/v2\/pages\/2826","targetHints":{"allow":["GET"]}}],"collection":[{"href":"https:\/\/groppalli.it\/tr\/wp-json\/wp\/v2\/pages"}],"about":[{"href":"https:\/\/groppalli.it\/tr\/wp-json\/wp\/v2\/types\/page"}],"author":[{"embeddable":true,"href":"https:\/\/groppalli.it\/tr\/wp-json\/wp\/v2\/users\/1"}],"replies":[{"embeddable":true,"href":"https:\/\/groppalli.it\/tr\/wp-json\/wp\/v2\/comments?post=2826"}],"version-history":[{"count":2,"href":"https:\/\/groppalli.it\/tr\/wp-json\/wp\/v2\/pages\/2826\/revisions"}],"predecessor-version":[{"id":2902,"href":"https:\/\/groppalli.it\/tr\/wp-json\/wp\/v2\/pages\/2826\/revisions\/2902"}],"wp:attachment":[{"href":"https:\/\/groppalli.it\/tr\/wp-json\/wp\/v2\/media?parent=2826"}],"curies":[{"name":"wp","href":"https:\/\/api.w.org\/{rel}","templated":true}]}}