{"id":1745,"date":"2018-02-21T14:07:21","date_gmt":"2018-02-21T13:07:21","guid":{"rendered":"https:\/\/groppalli.it\/fumisteria-condensazione\/"},"modified":"2024-06-10T14:08:50","modified_gmt":"2024-06-10T14:08:50","slug":"fumisteria-condensazione","status":"publish","type":"page","link":"https:\/\/groppalli.it\/tr\/prodotti\/fumisteria-condensazione\/","title":{"rendered":"Yo\u011fu\u015fmal\u0131 kazanlar i\u00e7in baca sistemleri"},"content":{"rendered":"","protected":false},"excerpt":{"rendered":"","protected":false},"author":1,"featured_media":0,"parent":1758,"menu_order":1,"comment_status":"closed","ping_status":"closed","template":"","meta":{"footnotes":""},"class_list":["post-1745","page","type-page","status-publish","hentry"],"_links":{"self":[{"href":"https:\/\/groppalli.it\/tr\/wp-json\/wp\/v2\/pages\/1745","targetHints":{"allow":["GET"]}}],"collection":[{"href":"https:\/\/groppalli.it\/tr\/wp-json\/wp\/v2\/pages"}],"about":[{"href":"https:\/\/groppalli.it\/tr\/wp-json\/wp\/v2\/types\/page"}],"author":[{"embeddable":true,"href":"https:\/\/groppalli.it\/tr\/wp-json\/wp\/v2\/users\/1"}],"replies":[{"embeddable":true,"href":"https:\/\/groppalli.it\/tr\/wp-json\/wp\/v2\/comments?post=1745"}],"version-history":[{"count":1,"href":"https:\/\/groppalli.it\/tr\/wp-json\/wp\/v2\/pages\/1745\/revisions"}],"predecessor-version":[{"id":1902,"href":"https:\/\/groppalli.it\/tr\/wp-json\/wp\/v2\/pages\/1745\/revisions\/1902"}],"up":[{"embeddable":true,"href":"https:\/\/groppalli.it\/tr\/wp-json\/wp\/v2\/pages\/1758"}],"wp:attachment":[{"href":"https:\/\/groppalli.it\/tr\/wp-json\/wp\/v2\/media?parent=1745"}],"curies":[{"name":"wp","href":"https:\/\/api.w.org\/{rel}","templated":true}]}}