{"id":1739,"date":"2018-02-21T17:35:09","date_gmt":"2018-02-21T16:35:09","guid":{"rendered":"https:\/\/groppalli.it\/personalizzazione\/"},"modified":"2021-04-14T18:04:08","modified_gmt":"2021-04-14T16:04:08","slug":"personalizzazione","status":"publish","type":"page","link":"https:\/\/groppalli.it\/tr\/servizi\/personalizzazione\/","title":{"rendered":"\u00dcr\u00fcn ki\u015fiselle\u015ftirme"},"content":{"rendered":"","protected":false},"excerpt":{"rendered":"","protected":false},"author":1,"featured_media":0,"parent":1741,"menu_order":1,"comment_status":"closed","ping_status":"closed","template":"","meta":{"footnotes":""},"class_list":["post-1739","page","type-page","status-publish","hentry"],"_links":{"self":[{"href":"https:\/\/groppalli.it\/tr\/wp-json\/wp\/v2\/pages\/1739","targetHints":{"allow":["GET"]}}],"collection":[{"href":"https:\/\/groppalli.it\/tr\/wp-json\/wp\/v2\/pages"}],"about":[{"href":"https:\/\/groppalli.it\/tr\/wp-json\/wp\/v2\/types\/page"}],"author":[{"embeddable":true,"href":"https:\/\/groppalli.it\/tr\/wp-json\/wp\/v2\/users\/1"}],"replies":[{"embeddable":true,"href":"https:\/\/groppalli.it\/tr\/wp-json\/wp\/v2\/comments?post=1739"}],"version-history":[{"count":2,"href":"https:\/\/groppalli.it\/tr\/wp-json\/wp\/v2\/pages\/1739\/revisions"}],"predecessor-version":[{"id":1975,"href":"https:\/\/groppalli.it\/tr\/wp-json\/wp\/v2\/pages\/1739\/revisions\/1975"}],"up":[{"embeddable":true,"href":"https:\/\/groppalli.it\/tr\/wp-json\/wp\/v2\/pages\/1741"}],"wp:attachment":[{"href":"https:\/\/groppalli.it\/tr\/wp-json\/wp\/v2\/media?parent=1739"}],"curies":[{"name":"wp","href":"https:\/\/api.w.org\/{rel}","templated":true}]}}